{"id":3585,"date":"2025-09-23T13:44:38","date_gmt":"2025-09-23T13:44:38","guid":{"rendered":"https:\/\/notasdeumimigrante.com\/?post_type=product&#038;p=3585"},"modified":"2025-09-23T15:08:42","modified_gmt":"2025-09-23T15:08:42","slug":"calculadora-de-pagamento-acelerada","status":"publish","type":"product","link":"https:\/\/notasdeumimigrante.com\/pt\/product\/calculadora-de-pagamento-acelerada\/","title":{"rendered":"Calculadora de Pagamento Acelerada"},"content":{"rendered":"<p data-start=\"711\" data-end=\"803\">Assuma o controle do seu empr\u00e9stimo de carro com a <strong data-start=\"762\" data-end=\"800\">Calculadora de Pagamento Acelerada<\/strong>!<\/p>\n<p data-start=\"805\" data-end=\"838\">Com esta planilha, voc\u00ea poder\u00e1:<\/p>\n<ul data-start=\"839\" data-end=\"1228\">\n<li data-start=\"839\" data-end=\"930\">\n<p data-start=\"841\" data-end=\"930\"><strong data-start=\"841\" data-end=\"872\">Calcular pagamentos mensais<\/strong> com base no valor do empr\u00e9stimo, taxa de juros e prazo.<\/p>\n<\/li>\n<li data-start=\"931\" data-end=\"986\">\n<p data-start=\"933\" data-end=\"986\"><strong data-start=\"933\" data-end=\"967\">Acompanhar juros vs. principal<\/strong> em cada parcela.<\/p>\n<\/li>\n<li data-start=\"987\" data-end=\"1088\">\n<p data-start=\"989\" data-end=\"1088\"><strong data-start=\"989\" data-end=\"1029\">Visualizar o progresso do empr\u00e9stimo<\/strong> e saber exatamente quanto j\u00e1 pagou e quanto ainda falta.<\/p>\n<\/li>\n<li data-start=\"1089\" data-end=\"1162\">\n<p data-start=\"1091\" data-end=\"1162\"><strong data-start=\"1091\" data-end=\"1121\">Planejar pagamentos extras<\/strong> e entender como eles reduzem os juros.<\/p>\n<\/li>\n<li data-start=\"1163\" data-end=\"1228\">\n<p data-start=\"1165\" data-end=\"1228\"><strong data-start=\"1165\" data-end=\"1191\">Manter tudo organizado<\/strong> em um formato simples e intuitivo.<\/p>\n<\/li>\n<\/ul>\n<p data-start=\"1230\" data-end=\"1468\"><strong data-start=\"1230\" data-end=\"1268\">Por que esta planilha \u00e9 para voc\u00ea:<\/strong><br data-start=\"1268\" data-end=\"1271\" \/>Gerenciar um empr\u00e9stimo de carro pode ser complicado, mas com esta ferramenta, voc\u00ea sempre saber\u00e1 sua situa\u00e7\u00e3o financeira. Sem surpresas, sem confus\u00e3o\u2014apenas controle total sobre seus pagamentos.<\/p>\n<p data-start=\"1470\" data-end=\"1576\"><strong data-start=\"1470\" data-end=\"1482\">Formato:<\/strong> Excel (.xlsx) e compat\u00edvel com Google Sheets<br data-start=\"1527\" data-end=\"1530\" \/><strong data-start=\"1530\" data-end=\"1555\">Download Instant\u00e2neo:<\/strong> Sim, ap\u00f3s a compra<\/p>\n","protected":false},"excerpt":{"rendered":"<p>Monitore seus pagamentos de empr\u00e9stimo de carro, juros e saldo devedor com facilidade. Veja exatamente quanto vai para juros e quanto para o principal e acelere a quita\u00e7\u00e3o do seu empr\u00e9stimo!<\/p>\n","protected":false},"featured_media":3586,"comment_status":"open","ping_status":"closed","template":"","meta":{"_gspb_post_css":"","_monsterinsights_skip_tracking":false,"_monsterinsights_sitenote_active":false,"_monsterinsights_sitenote_note":"","_monsterinsights_sitenote_category":0,"_uf_show_specific_survey":0,"_uf_disable_surveys":false,"jetpack_publicize_message":"","jetpack_publicize_feature_enabled":true,"jetpack_social_post_already_shared":false,"jetpack_social_options":{"image_generator_settings":{"template":"highway","default_image_id":0,"font":"","enabled":false},"version":2}},"product_brand":[],"product_cat":[63],"product_tag":[64],"class_list":{"0":"post-3585","1":"product","2":"type-product","3":"status-publish","4":"has-post-thumbnail","6":"product_cat-ferramentas-financeiras","7":"product_tag-calculadora-de-pagamento-planilha-de-emprestimo-planilha-financeira-gerenciamento-de-divida-excel-emprestimo-google-sheets-emprestimo-pagamento-acelerado","9":"first","10":"instock","11":"sale","12":"downloadable","13":"virtual","14":"purchasable","15":"product-type-simple"},"aioseo_notices":[],"jetpack_publicize_connections":[],"jetpack_sharing_enabled":true,"_links":{"self":[{"href":"https:\/\/notasdeumimigrante.com\/pt\/wp-json\/wp\/v2\/product\/3585","targetHints":{"allow":["GET"]}}],"collection":[{"href":"https:\/\/notasdeumimigrante.com\/pt\/wp-json\/wp\/v2\/product"}],"about":[{"href":"https:\/\/notasdeumimigrante.com\/pt\/wp-json\/wp\/v2\/types\/product"}],"replies":[{"embeddable":true,"href":"https:\/\/notasdeumimigrante.com\/pt\/wp-json\/wp\/v2\/comments?post=3585"}],"wp:featuredmedia":[{"embeddable":true,"href":"https:\/\/notasdeumimigrante.com\/pt\/wp-json\/wp\/v2\/media\/3586"}],"wp:attachment":[{"href":"https:\/\/notasdeumimigrante.com\/pt\/wp-json\/wp\/v2\/media?parent=3585"}],"wp:term":[{"taxonomy":"product_brand","embeddable":true,"href":"https:\/\/notasdeumimigrante.com\/pt\/wp-json\/wp\/v2\/product_brand?post=3585"},{"taxonomy":"product_cat","embeddable":true,"href":"https:\/\/notasdeumimigrante.com\/pt\/wp-json\/wp\/v2\/product_cat?post=3585"},{"taxonomy":"product_tag","embeddable":true,"href":"https:\/\/notasdeumimigrante.com\/pt\/wp-json\/wp\/v2\/product_tag?post=3585"}],"curies":[{"name":"wp","href":"https:\/\/api.w.org\/{rel}","templated":true}]}}